{"id":3472,"date":"2017-11-29T10:22:50","date_gmt":"2017-11-29T10:22:50","guid":{"rendered":"http:\/\/fuchsag.ch\/test\/?page_id=3472"},"modified":"2024-12-08T06:05:15","modified_gmt":"2024-12-08T06:05:15","slug":"werkstoffpruefung","status":"publish","type":"page","link":"https:\/\/fuchsag.ch\/fr\/werkstoffpruefung\/","title":{"rendered":"Essais de mat\u00e9riaux"},"content":{"rendered":"<div class=\"wpb-content-wrapper\"><p>[vc_row][vc_column width=&#8221;1\/2&#8243;][vc_column_text]<\/p>\n<h3 style=\"text-align: left;\"><strong>\u00c9quipements d&#8217;essais pour:<\/strong><\/h3>\n<p>[\/vc_column_text][vc_column_text]<\/p>\n<h4 style=\"text-align: left;\"><a href=\"#metallische\">M\u00e9taux\/C\u00e9ramique<\/a><\/h4>\n<p>[\/vc_column_text][vc_column_text]<\/p>\n<h4 style=\"text-align: left;\"><a href=\"#baustoffe\">G\u00e9nie Civil\/Mat\u00e9riaux de Construction<\/a><\/h4>\n<p>[\/vc_column_text][vc_column_text]<\/p>\n<h4 style=\"text-align: left;\"><a href=\"#kunststoffe\">Plastique\/Elastom\u00e8re\/Composites et des Presses de Laboratoire<\/a><\/h4>\n<p>[\/vc_column_text][vc_column_text]<\/p>\n<h4 style=\"text-align: left;\"><a href=\"#biomechanik\">M\u00e9dical\/Biom\u00e9canique\/Microtechnique<\/a><\/h4>\n<p>[\/vc_column_text][vc_column_text]<\/p>\n<h4 style=\"text-align: left;\"><a href=\"#papier\">Papier\/Carton Ondul\u00e9<\/a><\/h4>\n<p>[\/vc_column_text][vc_column_text]<\/p>\n<h4 style=\"text-align: left;\"><a href=\"#textilien\">Mati\u00e8re textile\/Tissu<\/a><\/h4>\n<p>[\/vc_column_text][\/vc_column][\/vc_row][vc_row margin_bottom=&#8221;0&#8243; padding=&#8221;120px 0&#8243;][vc_column][vc_raw_html]JTNDc3BhbiUyMGlkJTNEJTIybWV0YWxsaXNjaGUlMjIlM0UlM0MlMkZzcGFuJTNF[\/vc_raw_html][vc_text_separator title=&#8221;M\u00e9taux\/C\u00e9ramique&#8221; subtitle=&#8221;machines d&#8217;essais statiques et dynamiques pour les essais sur \u00e9chantillons m\u00e9talliques et c\u00e9ramiques&#8221; margin=&#8221;70&#8243; style=&#8221;style-normal&#8221; height=&#8221;100&#8243;][vc_row_inner][vc_column_inner width=&#8221;1\/2&#8243;][vc_single_image image=&#8221;3805&#8243; alignment=&#8221;center&#8221; img_link_target=&#8221;_blank&#8221; img_link_custom=&#8221;https:\/\/www.hegewald-peschke.com\/home.html&#8221;]<div class=\"krown-text-icon style-one\"><i class=\"none\"><\/i><h3>Exemple:<\/h3><div class=\"content\"><p>Machine d&#8217;essai universelle 250kN pour les essais statiques sur \u00e9prouvettes en acier.<\/p>\n<\/div><\/div>[vc_single_image image=&#8221;3964&#8243; alignment=&#8221;center&#8221;]<p style=\"text-align:center\"><a class=\"krown-button fill small \" target=\"_blank\" href=\"https:\/\/www.hegewald-peschke.com\/products\/universal-testing-machines\/static-testing-machines\/product-detail\/material-testing-machines-100-kn-to-25-mn.html\">Plus d'Informations<\/a><\/p>[\/vc_column_inner][\/vc_row_inner][\/vc_column][\/vc_row][vc_row margin_bottom=&#8221;0&#8243; padding=&#8221;120px 0&#8243;][vc_column el_id=&#8221;baustoffe&#8221;][vc_raw_html]JTNDc3BhbiUyMGlkJTNEJTIyYmF1c3RvZmZlJTIyJTNFJTNDJTJGc3BhbiUzRQ==[\/vc_raw_html][vc_text_separator title=&#8221;G\u00e9nie Civil \/Mat\u00e9riaux de Construction&#8221; subtitle=&#8221;syst\u00e8mes d&#8217;essai de charge, des syst\u00e8mes d&#8217;essai de mat\u00e9riaux sp\u00e9cifiques et chambres pour la simulation de l&#8217;environnement&#8221; margin=&#8221;70&#8243; style=&#8221;style-normal&#8221; height=&#8221;100&#8243;][vc_row_inner][vc_column_inner width=&#8221;1\/3&#8243;][vc_single_image image=&#8221;5263&#8243; alignment=&#8221;center&#8221; img_link_target=&#8221;_blank&#8221; img_link_custom=&#8221;https:\/\/www.matest.com&#8221;]<div class=\"krown-text-icon style-one\"><i class=\"none\"><\/i><h3>Exemple:<\/h3><div class=\"content\"><p>Machine d&#8217;essai de compression, 3000kN<\/p>\n<\/div><\/div>[vc_single_image image=&#8221;5262&#8243; alignment=&#8221;right&#8221;]<p style=\"text-align:center\"><a class=\"krown-button fill small \" target=\"_blank\" href=\"https:\/\/www.matest.com\/en\/concrete-testing-equipment\">Plus d'Informations<\/a><\/p><p style=\"text-align:center\"><a class=\"krown-button fill small \" target=\"_blank\" href=\"https:\/\/www.dropbox.com\/s\/ox8bvu3hh8xv6hd\/Matest_Cat_FRA_2022.pdf?dl=0\">Catalogue Matest (fran\u00e7ais)<\/a><\/p><p style=\"text-align:center\"><a class=\"krown-button fill small \" target=\"_blank\" href=\"https:\/\/www.matest.com\/contents\/media\/matest-product-selection_lr.pdf\">S\u00e9lection de produits Matest (angl.)<\/a><\/p>[\/vc_column_inner][vc_column_inner width=&#8221;1\/3&#8243;][vc_single_image image=&#8221;3803&#8243; alignment=&#8221;center&#8221; img_link_target=&#8221;_blank&#8221; img_link_custom=&#8221;https:\/\/www.feutron.de\/en\/&#8221;]<div class=\"krown-text-icon style-one\"><i class=\"none\"><\/i><h3>Exemple:<\/h3><div class=\"content\"><p>Chambre climatique double pour la pollution de l&#8217;environnement standardis\u00e9e dans un laboratoire de mat\u00e9riaux de construction<\/p>\n<\/div><\/div>[vc_single_image image=&#8221;3969&#8243; alignment=&#8221;center&#8221; img_size=&#8221;505&#215;500&#8243;]<p style=\"text-align:center\"><a class=\"krown-button fill small \" target=\"_blank\" href=\"https:\/\/www.feutron.de\/en\/\">Plus d'Informations<\/a><\/p>[\/vc_column_inner][\/vc_row_inner][\/vc_column][\/vc_row][vc_row margin_bottom=&#8221;0&#8243; padding=&#8221;120px 0&#8243;][vc_column][vc_raw_html]JTNDc3BhbiUyMGlkJTNEJTIya3Vuc3RzdG9mZmUlMjIlM0UlM0MlMkZzcGFuJTNF[\/vc_raw_html][vc_text_separator title=&#8221;Plastique\/Elastom\u00e8res\/Composites&#8221; subtitle=&#8221;machines d&#8217;essai dans le domaine des petites et moyennes charges (statiques et dynamiques) et des chambres climatiques.&#8221; margin=&#8221;70&#8243; style=&#8221;style-normal&#8221; height=&#8221;100&#8243;][vc_row_inner][vc_column_inner width=&#8221;1\/3&#8243;][vc_single_image image=&#8221;3803&#8243; alignment=&#8221;center&#8221; img_link_target=&#8221;_blank&#8221; img_link_custom=&#8221;https:\/\/www.feutron.de\/en\/&#8221;]<div class=\"krown-text-icon style-one\"><i class=\"none\"><\/i><h3>Exemple:<\/h3><div class=\"content\"><p>Cellule climatique pour maintenir la saturation d&#8217;humidit\u00e9 dans les pi\u00e8ces en plastique<\/p>\n<\/div><\/div>[vc_single_image image=&#8221;3967&#8243; alignment=&#8221;center&#8221;]<p style=\"text-align:center\"><a class=\"krown-button fill small \" target=\"_blank\" href=\"https:\/\/www.feutron.de\/en\/walk-in-chambers\/\">Plus d'Informations<\/a><\/p>[\/vc_column_inner][vc_column_inner width=&#8221;1\/3&#8243;][vc_single_image image=&#8221;4704&#8243; alignment=&#8221;center&#8221; img_link_target=&#8221;_blank&#8221; img_link_custom=&#8221;https:\/\/www.fontijnepresses.com&#8221;]<div class=\"krown-text-icon style-one\"><i class=\"none\"><\/i><h3>Exemple:<\/h3><div class=\"content\"><p>Press de laboratoire, type LabEcon<\/p>\n<\/div><\/div>[vc_single_image image=&#8221;4701&#8243; alignment=&#8221;center&#8221;]<p style=\"text-align:center\"><a class=\"krown-button fill small \" target=\"_blank\" href=\"https:\/\/www.fontijnepresses.com\">Plus d'Informations<\/a><\/p>[\/vc_column_inner][\/vc_row_inner][\/vc_column][\/vc_row][vc_row margin_bottom=&#8221;0&#8243; padding=&#8221;120px 0&#8243;][vc_column css_animation=&#8221;bounceInUp&#8221; el_id=&#8221;biomechanik&#8221;][vc_raw_html]JTNDc3BhbiUyMGlkJTNEJTIyYmlvbWVjaGFuaWslMjIlM0UlM0MlMkZzcGFuJTNF[\/vc_raw_html][vc_text_separator title=&#8221;Technologie M\u00e9dical \/ Biom\u00e9canique \/ Microtechnique&#8221; subtitle=&#8221;syst\u00e8mes d&#8217;essais statiques et dynamiques pour la biom\u00e9canique, la technique m\u00e9dicale, l&#8217;industrie dentaire et d&#8217; horlog\u00e8re.&#8221; margin=&#8221;70&#8243; style=&#8221;style-normal&#8221; height=&#8221;100&#8243;][vc_row_inner][vc_column_inner width=&#8221;1\/2&#8243;][vc_single_image image=&#8221;3805&#8243; alignment=&#8221;center&#8221; img_link_target=&#8221;_blank&#8221; img_link_custom=&#8221;https:\/\/www.hegewald-peschke.com\/home.html&#8221;]<div class=\"krown-text-icon style-one\"><i class=\"none\"><\/i><h3>Exemple:<\/h3><div class=\"content\"><p>Machine d&#8217;essais universelle, type Inspekt table blue<\/p>\n<\/div><\/div>[vc_single_image image=&#8221;3951&#8243; alignment=&#8221;center&#8221; img_size=&#8221;337&#215;500&#8243;]<p style=\"text-align:center\"><a class=\"krown-button fill small \" target=\"_blank\" href=\"https:\/\/www.hegewald-peschke.com\/products\/universal-testing-machines\/static-testing-machines.html\">Plus d'Informations<\/a><\/p>[\/vc_column_inner][\/vc_row_inner][\/vc_column][\/vc_row][vc_row margin_bottom=&#8221;0&#8243; padding=&#8221;120px 0&#8243;][vc_column][vc_raw_html]JTNDc3BhbiUyMGlkJTNEJTIycGFwaWVyJTIyJTNFJTNDJTJGc3BhbiUzRQ==[\/vc_raw_html][vc_text_separator title=&#8221;Papier\/Carton Ondul\u00e9&#8221; subtitle=&#8221;syst\u00e8mes d&#8217;essais et chambres climatiques pour les laboratoires de l&#8217;industrie du papier et du carton ondul\u00e9.&#8221; margin=&#8221;70&#8243; style=&#8221;style-normal&#8221; height=&#8221;100&#8243;][vc_row_inner][vc_column_inner width=&#8221;1\/2&#8243;][vc_single_image image=&#8221;3809&#8243; alignment=&#8221;center&#8221; img_link_target=&#8221;_blank&#8221; img_link_custom=&#8221;https:\/\/techlabsystems.com\/index_fr.html&#8221;]<div class=\"krown-text-icon style-one\"><i class=\"none\"><\/i><h3>Exemple:<\/h3><div class=\"content\"><p>25kN Box Crush Tester (BCT) pour les essais normalis\u00e9s selon ISO, DIN EN et ASTM.<\/p>\n<\/div><\/div>[vc_single_image image=&#8221;3646&#8243; alignment=&#8221;center&#8221; img_size=&#8221;340&#215;500&#8243;]<p style=\"text-align:center\"><a class=\"krown-button fill small \" target=\"_blank\" href=\"https:\/\/techlabsystems.com\/fr\/essais_de_compression.html\">Plus d'Informations<\/a><\/p>[\/vc_column_inner][vc_column_inner width=&#8221;1\/2&#8243;][vc_single_image image=&#8221;3803&#8243; alignment=&#8221;center&#8221; img_link_target=&#8221;_blank&#8221; img_link_custom=&#8221;https:\/\/www.feutron.de\/en\/&#8221;]<div class=\"krown-text-icon style-one\"><i class=\"none\"><\/i><h3>Exemple:<\/h3><div class=\"content\"><p>Chambre climatique pour les essais d&#8217;humidit\u00e9 et de temp\u00e9rature sur papier<\/p>\n<\/div><\/div>[vc_single_image image=&#8221;3641&#8243; alignment=&#8221;center&#8221; img_size=&#8221;288&#215;500&#8243;]<p style=\"text-align:center\"><a class=\"krown-button fill small \" target=\"_blank\" href=\"https:\/\/www.feutron.de\/en\/\">Plus d'Informations<\/a><\/p>[\/vc_column_inner][\/vc_row_inner][\/vc_column][\/vc_row][vc_row margin_bottom=&#8221;0&#8243; padding=&#8221;120px 0&#8243;][vc_column][vc_raw_html]JTNDc3BhbiUyMGlkJTNEJTIydGV4dGlsaWVuJTIyJTNFJTNDJTJGc3BhbiUzRQ==[\/vc_raw_html][vc_text_separator title=&#8221;Textiles\/Tissu&#8221; subtitle=&#8221;machines d&#8217;essais statiques pour les essais de charge sur textiles&#8221; margin=&#8221;70&#8243; style=&#8221;style-normal&#8221; height=&#8221;100&#8243;][vc_row_inner][vc_column_inner][vc_single_image image=&#8221;3805&#8243; alignment=&#8221;center&#8221; img_link_target=&#8221;_blank&#8221; img_link_custom=&#8221;https:\/\/www.hegewald-peschke.com\/home.html&#8221;]<div class=\"krown-text-icon style-one\"><i class=\"none\"><\/i><h3>Exemple:<\/h3><div class=\"content\"><p>petite machine d&#8217;essai universelle (Inspekt table bleu, 5kN)<\/p>\n<\/div><\/div>[vc_single_image image=&#8221;3951&#8243; alignment=&#8221;center&#8221; img_size=&#8221;337&#215;500&#8243;]<p style=\"text-align:center\"><a class=\"krown-button fill small \" target=\"_blank\" href=\"https:\/\/www.hegewald-peschke.com\/products\/universal-testing-machines\/static-testing-machines.html\">Plus d'Informations<\/a><\/p>[\/vc_column_inner][\/vc_row_inner][\/vc_column][\/vc_row]<\/p>\n<\/div>","protected":false},"excerpt":{"rendered":"<p>[vc_row][vc_column width=&#8221;1\/2&#8243;][vc_column_text] \u00c9quipements d&#8217;essais pour: [\/vc_column_text][vc_column_text] M\u00e9taux\/C\u00e9ramique [\/vc_column_text][vc_column_text] G\u00e9nie Civil\/Mat\u00e9riaux de Construction [\/vc_column_text][vc_column_text] Plastique\/Elastom\u00e8re\/Composites et des Presses de Laboratoire [\/vc_column_text][vc_column_text] M\u00e9dical\/Biom\u00e9canique\/Microtechnique [\/vc_column_text][vc_column_text] Papier\/Carton Ondul\u00e9 [\/vc_column_text][vc_column_text] Mati\u00e8re textile\/Tissu [\/vc_column_text][\/vc_column][\/vc_row][vc_row margin_bottom=&#8221;0&#8243; padding=&#8221;120px 0&#8243;][vc_column][vc_raw_html]JTNDc3BhbiUyMGlkJTNEJTIybWV0YWxsaXNjaGUlMjIlM0UlM0MlMkZzcGFuJTNF[\/vc_raw_html][vc_text_separator title=&#8221;M\u00e9taux\/C\u00e9ramique&#8221; subtitle=&#8221;machines d&#8217;essais statiques et dynamiques pour les essais sur \u00e9chantillons m\u00e9talliques et c\u00e9ramiques&#8221; margin=&#8221;70&#8243; style=&#8221;style-normal&#8221; height=&#8221;100&#8243;][vc_row_inner][vc_column_inner width=&#8221;1\/2&#8243;][vc_single_image image=&#8221;3805&#8243; alignment=&#8221;center&#8221; img_link_target=&#8221;_blank&#8221; img_link_custom=&#8221;https:\/\/www.hegewald-peschke.com\/home.html&#8221;][vc_single_image image=&#8221;3964&#8243; alignment=&#8221;center&#8221;][\/vc_column_inner][\/vc_row_inner][\/vc_column][\/vc_row][vc_row [&hellip;]<\/p>\n","protected":false},"author":6,"featured_media":0,"parent":0,"menu_order":0,"comment_status":"open","ping_status":"closed","template":"","meta":{"footnotes":""},"class_list":["post-3472","page","type-page","status-publish","hentry"],"translation":{"provider":"WPGlobus","version":"3.0.2","language":"fr","enabled_languages":["de","fr"],"languages":{"de":{"title":true,"content":true,"excerpt":false},"fr":{"title":true,"content":true,"excerpt":false}}},"_links":{"self":[{"href":"https:\/\/fuchsag.ch\/fr\/wp-json\/wp\/v2\/pages\/3472","targetHints":{"allow":["GET"]}}],"collection":[{"href":"https:\/\/fuchsag.ch\/fr\/wp-json\/wp\/v2\/pages"}],"about":[{"href":"https:\/\/fuchsag.ch\/fr\/wp-json\/wp\/v2\/types\/page"}],"author":[{"embeddable":true,"href":"https:\/\/fuchsag.ch\/fr\/wp-json\/wp\/v2\/users\/6"}],"replies":[{"embeddable":true,"href":"https:\/\/fuchsag.ch\/fr\/wp-json\/wp\/v2\/comments?post=3472"}],"version-history":[{"count":387,"href":"https:\/\/fuchsag.ch\/fr\/wp-json\/wp\/v2\/pages\/3472\/revisions"}],"predecessor-version":[{"id":5511,"href":"https:\/\/fuchsag.ch\/fr\/wp-json\/wp\/v2\/pages\/3472\/revisions\/5511"}],"wp:attachment":[{"href":"https:\/\/fuchsag.ch\/fr\/wp-json\/wp\/v2\/media?parent=3472"}],"curies":[{"name":"wp","href":"https:\/\/api.w.org\/{rel}","templated":true}]}}