{"id":2906,"date":"2014-01-20T13:50:55","date_gmt":"2014-01-20T13:50:55","guid":{"rendered":"http:\/\/shadow-test.dev\/?page_id=7"},"modified":"2024-10-22T12:53:35","modified_gmt":"2024-10-22T12:53:35","slug":"home-v1-agency","status":"publish","type":"page","link":"https:\/\/fuchsag.ch\/fr\/","title":{"rendered":"Fuchs AG Startseite"},"content":{"rendered":"<div class=\"wpb-content-wrapper\"><p>[vc_row margin_bottom=&#8221;0&#8243; padding=&#8221;120px 0&#8243;][vc_column][vc_single_image image=&#8221;3588&#8243; alignment=&#8221;center&#8221; img_size=&#8221;300&#215;82&#8243;][vc_row_inner][vc_column_inner width=&#8221;1\/2&#8243;]<div class=\"krown-text-icon style-one\"><i class=\"none\"><\/i><h3>\u00e0 propos<\/h3><div class=\"content\"><p>Nous sommes vos interlocuteurs dans les domaines des essais de mat\u00e9riaux, de la m\u00e9tallographie et de la simulation environnementale. En collaboration avec nos partenaires, nous vous offrons non seulement des syst\u00e8mes d&#8217;essai de haute qualit\u00e9, mais aussi un service s\u00e9rieux.<\/p>\n<\/div><\/div>[\/vc_column_inner][vc_column_inner width=&#8221;1\/2&#8243;]<div class=\"krown-text-icon style-one\"><a href=\"https:\/\/fuchsag.ch\/test\/kontakt\/\" target=\"_blank\"><i class=\"none\"><\/i><h3>Contact<\/h3><\/a><div class=\"content\"><p>Avez-vous des questions ou aimeriez-vous \u00eatre mentionn\u00e9 sur notre site Web ? Ici vous pouvez nous contacter.<\/p>\n<\/div><\/div><p style=\"text-align:center\"><a class=\"krown-button fill small \" target=\"_self\" href=\"\/fr\/kontakt\/\">Veuillez prendre contact<\/a><\/p>[\/vc_column_inner][\/vc_row_inner][vc_separator height=&#8221;30&#8243;][\/vc_column][\/vc_row]<\/p>\n<\/div>","protected":false},"excerpt":{"rendered":"<p>[vc_row margin_bottom=&#8221;0&#8243; padding=&#8221;120px 0&#8243;][vc_column][vc_single_image image=&#8221;3588&#8243; alignment=&#8221;center&#8221; img_size=&#8221;300&#215;82&#8243;][vc_row_inner][vc_column_inner width=&#8221;1\/2&#8243;][\/vc_column_inner][vc_column_inner width=&#8221;1\/2&#8243;][\/vc_column_inner][\/vc_row_inner][vc_separator height=&#8221;30&#8243;][\/vc_column][\/vc_row]<\/p>\n","protected":false},"author":6,"featured_media":0,"parent":0,"menu_order":0,"comment_status":"open","ping_status":"closed","template":"","meta":{"footnotes":""},"class_list":["post-2906","page","type-page","status-publish","hentry"],"translation":{"provider":"WPGlobus","version":"3.0.2","language":"fr","enabled_languages":["de","fr"],"languages":{"de":{"title":true,"content":true,"excerpt":false},"fr":{"title":false,"content":true,"excerpt":false}}},"_links":{"self":[{"href":"https:\/\/fuchsag.ch\/fr\/wp-json\/wp\/v2\/pages\/2906","targetHints":{"allow":["GET"]}}],"collection":[{"href":"https:\/\/fuchsag.ch\/fr\/wp-json\/wp\/v2\/pages"}],"about":[{"href":"https:\/\/fuchsag.ch\/fr\/wp-json\/wp\/v2\/types\/page"}],"author":[{"embeddable":true,"href":"https:\/\/fuchsag.ch\/fr\/wp-json\/wp\/v2\/users\/6"}],"replies":[{"embeddable":true,"href":"https:\/\/fuchsag.ch\/fr\/wp-json\/wp\/v2\/comments?post=2906"}],"version-history":[{"count":108,"href":"https:\/\/fuchsag.ch\/fr\/wp-json\/wp\/v2\/pages\/2906\/revisions"}],"predecessor-version":[{"id":5498,"href":"https:\/\/fuchsag.ch\/fr\/wp-json\/wp\/v2\/pages\/2906\/revisions\/5498"}],"wp:attachment":[{"href":"https:\/\/fuchsag.ch\/fr\/wp-json\/wp\/v2\/media?parent=2906"}],"curies":[{"name":"wp","href":"https:\/\/api.w.org\/{rel}","templated":true}]}}